{"id":5,"date":"2024-06-12T10:11:41","date_gmt":"2024-06-12T08:11:41","guid":{"rendered":"https:\/\/balibienetre.fr\/?page_id=5"},"modified":"2024-11-13T08:15:32","modified_gmt":"2024-11-13T07:15:32","slug":"accueil","status":"publish","type":"page","link":"https:\/\/balibienetre.fr\/","title":{"rendered":"Accueil"},"content":{"rendered":"\t\t<div data-elementor-type=\"wp-page\" data-elementor-id=\"5\" class=\"elementor elementor-5\">\n\t\t\t\t<div class=\"elementor-element elementor-element-e490b3 e-flex e-con-boxed e-con e-parent\" data-id=\"e490b3\" data-element_type=\"container\" data-e-type=\"container\">\n\t\t\t\t\t<div class=\"e-con-inner\">\n\t\t\t\t<div class=\"elementor-element elementor-element-54e64556 elementor-widget elementor-widget-text-editor\" data-id=\"54e64556\" data-element_type=\"widget\" data-e-type=\"widget\" data-widget_type=\"text-editor.default\">\n\t\t\t\t<div class=\"elementor-widget-container\">\n\t\t\t\t\t\t\t\t\t\n<div class=\"wp-block-cover aligncenter is-light\"><span aria-hidden=\"true\" class=\"wp-block-cover__background has-background-dim\" style=\"background-color:#f1f1f1\"><\/span><img fetchpriority=\"high\" decoding=\"async\" width=\"2040\" height=\"1360\" class=\"wp-block-cover__image-background wp-image-184\" alt=\"\" src=\"https:\/\/balibienetre.fr\/wp-content\/uploads\/2024\/07\/bali-bien-etre-6008428-1.jpeg\" data-object-fit=\"cover\" srcset=\"https:\/\/balibienetre.fr\/wp-content\/uploads\/2024\/07\/bali-bien-etre-6008428-1.jpeg 2040w, https:\/\/balibienetre.fr\/wp-content\/uploads\/2024\/07\/bali-bien-etre-6008428-1-300x200.jpeg 300w, https:\/\/balibienetre.fr\/wp-content\/uploads\/2024\/07\/bali-bien-etre-6008428-1-1024x683.jpeg 1024w, https:\/\/balibienetre.fr\/wp-content\/uploads\/2024\/07\/bali-bien-etre-6008428-1-768x512.jpeg 768w, https:\/\/balibienetre.fr\/wp-content\/uploads\/2024\/07\/bali-bien-etre-6008428-1-1536x1024.jpeg 1536w, https:\/\/balibienetre.fr\/wp-content\/uploads\/2024\/07\/bali-bien-etre-6008428-1-370x247.jpeg 370w, https:\/\/balibienetre.fr\/wp-content\/uploads\/2024\/07\/bali-bien-etre-6008428-1-776x517.jpeg 776w\" sizes=\"(max-width: 2040px) 100vw, 2040px\" \/><div class=\"wp-block-cover__inner-container is-layout-constrained wp-block-cover-is-layout-constrained\">\n<p class=\"has-text-align-center has-theme-palette-1-color has-text-color has-link-color has-larger-font-size wp-elements-9dfa30283f15cecc9df02fe761b3c02c\"><strong>R\u00e9servez votre pause d\u00e9tente avec Bali bien-\u00eatre<\/strong><\/p>\n\n\n\n<div class=\"wp-block-buttons is-content-justification-center is-layout-flex wp-container-core-buttons-is-layout-16018d1d wp-block-buttons-is-layout-flex\">\n<div class=\"wp-block-button\"><a class=\"wp-block-button__link has-text-align-center wp-element-button\" href=\"https:\/\/balibienetre.simplybook.it\/v2\/#book\">Prendre rendez-vous<\/a><\/div>\n\n\n<\/div>\n\n\n\n<figure class=\"wp-block-image size-large\"><img decoding=\"async\" width=\"1024\" height=\"683\" src=\"https:\/\/balibienetre.fr\/wp-content\/uploads\/2024\/07\/bali-bien-etre-6008427-1024x683.jpeg\" alt=\"\" class=\"wp-image-187\" srcset=\"https:\/\/balibienetre.fr\/wp-content\/uploads\/2024\/07\/bali-bien-etre-6008427-1024x683.jpeg 1024w, https:\/\/balibienetre.fr\/wp-content\/uploads\/2024\/07\/bali-bien-etre-6008427-300x200.jpeg 300w, https:\/\/balibienetre.fr\/wp-content\/uploads\/2024\/07\/bali-bien-etre-6008427-768x512.jpeg 768w, https:\/\/balibienetre.fr\/wp-content\/uploads\/2024\/07\/bali-bien-etre-6008427-1536x1024.jpeg 1536w, https:\/\/balibienetre.fr\/wp-content\/uploads\/2024\/07\/bali-bien-etre-6008427-370x247.jpeg 370w, https:\/\/balibienetre.fr\/wp-content\/uploads\/2024\/07\/bali-bien-etre-6008427-776x517.jpeg 776w, https:\/\/balibienetre.fr\/wp-content\/uploads\/2024\/07\/bali-bien-etre-6008427.jpeg 2040w\" sizes=\"(max-width: 1024px) 100vw, 1024px\" \/><\/figure>\n<\/div><\/div>\n\n\n\n<div class=\"wp-block-columns is-layout-flex wp-container-core-columns-is-layout-9d6595d7 wp-block-columns-is-layout-flex\">\n<div class=\"wp-block-column is-layout-flow wp-block-column-is-layout-flow\" style=\"flex-basis:33.33%\">\n<figure class=\"wp-block-image size-large is-resized\"><img decoding=\"async\" width=\"724\" height=\"1024\" src=\"https:\/\/balibienetre.fr\/wp-content\/uploads\/2024\/06\/Design-sans-titre-1-724x1024.png\" alt=\"\" class=\"wp-image-85\" style=\"width:350px;height:auto\" srcset=\"https:\/\/balibienetre.fr\/wp-content\/uploads\/2024\/06\/Design-sans-titre-1-724x1024.png 724w, https:\/\/balibienetre.fr\/wp-content\/uploads\/2024\/06\/Design-sans-titre-1-212x300.png 212w, https:\/\/balibienetre.fr\/wp-content\/uploads\/2024\/06\/Design-sans-titre-1-768x1086.png 768w, https:\/\/balibienetre.fr\/wp-content\/uploads\/2024\/06\/Design-sans-titre-1-1086x1536.png 1086w, https:\/\/balibienetre.fr\/wp-content\/uploads\/2024\/06\/Design-sans-titre-1.png 1414w\" sizes=\"(max-width: 724px) 100vw, 724px\" \/><\/figure>\n<\/div>\n\n\n\n<div class=\"wp-block-column is-layout-flow wp-block-column-is-layout-flow\" style=\"flex-basis:66.66%\">\n<h2 class=\"wp-block-heading\">Bali Bien-\u00eatre \u00b7 Massages et soins relaxants \u00b7 Paris 20<\/h2>\n\n\n\n<p>Je vous invite \u00e0 profiter des bienfaits de mes massages et soins dans le 20\u00e8me arrondissement de Paris et ses alentours. <\/p>\n\n\n\n<p>Je propose des massages balinais traditionnels , des massages sportifs, des soins du visage Kobido, des drainages lymphatiques et des massages amincissants.<\/p>\n\n\n\n<p>Ancien membre du personnel naviguant \u00e0 Air France, je suis tomb\u00e9 amoureux de Bali, que l&#8217;on nomme l&#8217;\u00eele des Dieux, o\u00f9 le massage est une v\u00e9ritable tradition. J&#8217;ai donc d\u00e9cid\u00e9 de me reconvertir en 2020 pour vous permettre de vous faire profiter des massages balinais ainsi que des autres techniques pour lesquelles je suis form\u00e9.<\/p>\n\n\n\n<p>Je vous accueille du lundi au dimanche, de 9h \u00e0 22h, dans mon cabinet rue d&#8217;Avron \u00e0 Paris.<\/p>\n<\/div>\n<\/div>\n\n\n\n<div class=\"wp-block-columns alignwide are-vertically-aligned-center has-theme-palette-9-background-color has-text-color has-background is-layout-flex wp-container-core-columns-is-layout-30ac8118 wp-block-columns-is-layout-flex\" style=\"border-style:none;border-width:0px;border-radius:0px;color:#000000;padding-right:var(--wp--preset--spacing--50);padding-left:var(--wp--preset--spacing--50)\">\n<div class=\"wp-block-column is-vertically-aligned-center is-layout-flow wp-block-column-is-layout-flow\" style=\"flex-basis:1000px\">\n<h3 class=\"wp-block-heading has-text-align-center\" style=\"font-size:24px;line-height:1.3\">\ud83d\udc86\u200d\u2640\ufe0f <strong><a href=\"http:\/\/wordpress.org\">Confidentialit\u00e9<\/a> &amp; s\u00e9curit\u00e9<\/strong><\/h3>\n\n\n\n<p class=\"has-text-align-center\">Venez vous faire masser en toute s\u00e9r\u00e9nit\u00e9<\/p>\n<\/div>\n\n\n\n<div class=\"wp-block-column is-vertically-aligned-center is-layout-flow wp-block-column-is-layout-flow\" style=\"flex-basis:1000px\">\n<h3 class=\"wp-block-heading has-text-align-center\" style=\"font-size:24px;line-height:1.3\">\ud83d\udcb0 <strong><a href=\"https:\/\/wordpress.org\">Fid\u00e9lit\u00e9 r\u00e9compens\u00e9e<\/a><\/strong><\/h3>\n\n\n\n<p class=\"has-text-align-center\">Le 5\u00e8me soin est \u00e0 -30%<\/p>\n<\/div>\n\n\n\n<div class=\"wp-block-column is-vertically-aligned-center is-layout-flow wp-block-column-is-layout-flow\" style=\"flex-basis:1000px\">\n<h3 class=\"wp-block-heading has-text-align-center\" style=\"font-size:24px;line-height:1.3\">\ud83d\udda5 <strong><a href=\"https:\/\/wordpress.org\">R\u00e9servation rapide en ligne<\/a><\/strong><\/h3>\n\n\n\n<p class=\"has-text-align-center\">R\u00e9servez vos soins o\u00f9 et quand vous voulez<\/p>\n<\/div>\n<\/div>\n\t\t\t\t\t\t\t\t<\/div>\n\t\t\t\t<\/div>\n\t\t\t\t\t<\/div>\n\t\t\t\t<\/div>\n\t\t<div class=\"elementor-element elementor-element-7169128 e-flex e-con-boxed e-con e-parent\" data-id=\"7169128\" data-element_type=\"container\" data-e-type=\"container\">\n\t\t\t\t\t<div class=\"e-con-inner\">\n\t\t\t\t<div class=\"elementor-element elementor-element-552ead1 elementor-widget elementor-widget-heading\" data-id=\"552ead1\" data-element_type=\"widget\" data-e-type=\"widget\" data-widget_type=\"heading.default\">\n\t\t\t\t<div class=\"elementor-widget-container\">\n\t\t\t\t\t<h2 class=\"elementor-heading-title elementor-size-default\"><a href=\"http:\/\/[trustindex%20no-registration=google]\">AVIS<\/a><\/h2>\t\t\t\t<\/div>\n\t\t\t\t<\/div>\n\t\t\t\t\t<\/div>\n\t\t\t\t<\/div>\n\t\t\t\t<\/div>\n\t\t","protected":false},"excerpt":{"rendered":"<p>Bali Bien-\u00eatre \u00b7 Massages et soins relaxants \u00b7 Paris 20 Je vous invite \u00e0 profiter des bienfaits de mes massages et soins dans le 20\u00e8me arrondissement de Paris et ses &hellip; <\/p>\n","protected":false},"author":1,"featured_media":0,"parent":0,"menu_order":0,"comment_status":"closed","ping_status":"closed","template":"","meta":{"footnotes":""},"class_list":["post-5","page","type-page","status-publish","hentry"],"yoast_head":"<!-- This site is optimized with the Yoast SEO plugin v27.3 - https:\/\/yoast.com\/product\/yoast-seo-wordpress\/ -->\n<title>Accueil - Bali bien-\u00eatre %<\/title>\n<meta name=\"robots\" content=\"index, follow, max-snippet:-1, max-image-preview:large, max-video-preview:-1\" \/>\n<link rel=\"canonical\" href=\"https:\/\/balibienetre.fr\/\" \/>\n<meta property=\"og:locale\" content=\"en_US\" \/>\n<meta property=\"og:type\" content=\"article\" \/>\n<meta property=\"og:title\" content=\"Accueil - Bali bien-\u00eatre %\" \/>\n<meta property=\"og:description\" content=\"Bali Bien-\u00eatre \u00b7 Massages et soins relaxants \u00b7 Paris 20 Je vous invite \u00e0 profiter des bienfaits de mes massages et soins dans le 20\u00e8me arrondissement de Paris et ses &hellip;\" \/>\n<meta property=\"og:url\" content=\"https:\/\/balibienetre.fr\/\" \/>\n<meta property=\"og:site_name\" content=\"Bali bien-\u00eatre\" \/>\n<meta property=\"article:publisher\" content=\"https:\/\/www.facebook.com\/balibienetre\" \/>\n<meta property=\"article:modified_time\" content=\"2024-11-13T07:15:32+00:00\" \/>\n<meta property=\"og:image\" content=\"https:\/\/balibienetre.fr\/wp-content\/uploads\/2024\/07\/bali-bien-etre-6008428-1.jpeg\" \/>\n<meta name=\"twitter:card\" content=\"summary_large_image\" \/>\n<meta name=\"twitter:label1\" content=\"Est. reading time\" \/>\n\t<meta name=\"twitter:data1\" content=\"2 minutes\" \/>\n<script type=\"application\/ld+json\" class=\"yoast-schema-graph\">{\"@context\":\"https:\\\/\\\/schema.org\",\"@graph\":[{\"@type\":\"WebPage\",\"@id\":\"https:\\\/\\\/balibienetre.fr\\\/\",\"url\":\"https:\\\/\\\/balibienetre.fr\\\/\",\"name\":\"Accueil - Bali bien-\u00eatre %\",\"isPartOf\":{\"@id\":\"https:\\\/\\\/balibienetre.fr\\\/#website\"},\"primaryImageOfPage\":{\"@id\":\"https:\\\/\\\/balibienetre.fr\\\/#primaryimage\"},\"image\":{\"@id\":\"https:\\\/\\\/balibienetre.fr\\\/#primaryimage\"},\"thumbnailUrl\":\"https:\\\/\\\/balibienetre.fr\\\/wp-content\\\/uploads\\\/2024\\\/07\\\/bali-bien-etre-6008428-1.jpeg\",\"datePublished\":\"2024-06-12T08:11:41+00:00\",\"dateModified\":\"2024-11-13T07:15:32+00:00\",\"breadcrumb\":{\"@id\":\"https:\\\/\\\/balibienetre.fr\\\/#breadcrumb\"},\"inLanguage\":\"en-US\",\"potentialAction\":[{\"@type\":\"ReadAction\",\"target\":[\"https:\\\/\\\/balibienetre.fr\\\/\"]}]},{\"@type\":\"ImageObject\",\"inLanguage\":\"en-US\",\"@id\":\"https:\\\/\\\/balibienetre.fr\\\/#primaryimage\",\"url\":\"https:\\\/\\\/balibienetre.fr\\\/wp-content\\\/uploads\\\/2024\\\/07\\\/bali-bien-etre-6008428-1.jpeg\",\"contentUrl\":\"https:\\\/\\\/balibienetre.fr\\\/wp-content\\\/uploads\\\/2024\\\/07\\\/bali-bien-etre-6008428-1.jpeg\",\"width\":2040,\"height\":1360},{\"@type\":\"BreadcrumbList\",\"@id\":\"https:\\\/\\\/balibienetre.fr\\\/#breadcrumb\",\"itemListElement\":[{\"@type\":\"ListItem\",\"position\":1,\"name\":\"Accueil\",\"item\":\"https:\\\/\\\/balibienetre.fr\\\/\"},{\"@type\":\"ListItem\",\"position\":2,\"name\":\"Accueil\"}]},{\"@type\":\"WebSite\",\"@id\":\"https:\\\/\\\/balibienetre.fr\\\/#website\",\"url\":\"https:\\\/\\\/balibienetre.fr\\\/\",\"name\":\"Bali bien-\u00eatre\",\"description\":\"Salon de massage Paris 20\",\"publisher\":{\"@id\":\"https:\\\/\\\/balibienetre.fr\\\/#organization\"},\"potentialAction\":[{\"@type\":\"SearchAction\",\"target\":{\"@type\":\"EntryPoint\",\"urlTemplate\":\"https:\\\/\\\/balibienetre.fr\\\/?s={search_term_string}\"},\"query-input\":{\"@type\":\"PropertyValueSpecification\",\"valueRequired\":true,\"valueName\":\"search_term_string\"}}],\"inLanguage\":\"en-US\"},{\"@type\":\"Organization\",\"@id\":\"https:\\\/\\\/balibienetre.fr\\\/#organization\",\"name\":\"Bali bien-\u00eatre\",\"url\":\"https:\\\/\\\/balibienetre.fr\\\/\",\"logo\":{\"@type\":\"ImageObject\",\"inLanguage\":\"en-US\",\"@id\":\"https:\\\/\\\/balibienetre.fr\\\/#\\\/schema\\\/logo\\\/image\\\/\",\"url\":\"http:\\\/\\\/balibienetre.fr\\\/wp-content\\\/uploads\\\/2024\\\/07\\\/Bali-bienetre-logo-rectangulaire-1.png\",\"contentUrl\":\"http:\\\/\\\/balibienetre.fr\\\/wp-content\\\/uploads\\\/2024\\\/07\\\/Bali-bienetre-logo-rectangulaire-1.png\",\"width\":1090,\"height\":500,\"caption\":\"Bali bien-\u00eatre\"},\"image\":{\"@id\":\"https:\\\/\\\/balibienetre.fr\\\/#\\\/schema\\\/logo\\\/image\\\/\"},\"sameAs\":[\"https:\\\/\\\/www.facebook.com\\\/balibienetre\",\"https:\\\/\\\/www.instagram.com\\\/balibienetre\\\/\",\"https:\\\/\\\/www.tiktok.com\\\/@balibienetre\"]}]}<\/script>\n<!-- \/ Yoast SEO plugin. -->","yoast_head_json":{"title":"Accueil - Bali bien-\u00eatre %","robots":{"index":"index","follow":"follow","max-snippet":"max-snippet:-1","max-image-preview":"max-image-preview:large","max-video-preview":"max-video-preview:-1"},"canonical":"https:\/\/balibienetre.fr\/","og_locale":"en_US","og_type":"article","og_title":"Accueil - Bali bien-\u00eatre %","og_description":"Bali Bien-\u00eatre \u00b7 Massages et soins relaxants \u00b7 Paris 20 Je vous invite \u00e0 profiter des bienfaits de mes massages et soins dans le 20\u00e8me arrondissement de Paris et ses &hellip;","og_url":"https:\/\/balibienetre.fr\/","og_site_name":"Bali bien-\u00eatre","article_publisher":"https:\/\/www.facebook.com\/balibienetre","article_modified_time":"2024-11-13T07:15:32+00:00","og_image":[{"url":"https:\/\/balibienetre.fr\/wp-content\/uploads\/2024\/07\/bali-bien-etre-6008428-1.jpeg","type":"","width":"","height":""}],"twitter_card":"summary_large_image","twitter_misc":{"Est. reading time":"2 minutes"},"schema":{"@context":"https:\/\/schema.org","@graph":[{"@type":"WebPage","@id":"https:\/\/balibienetre.fr\/","url":"https:\/\/balibienetre.fr\/","name":"Accueil - Bali bien-\u00eatre %","isPartOf":{"@id":"https:\/\/balibienetre.fr\/#website"},"primaryImageOfPage":{"@id":"https:\/\/balibienetre.fr\/#primaryimage"},"image":{"@id":"https:\/\/balibienetre.fr\/#primaryimage"},"thumbnailUrl":"https:\/\/balibienetre.fr\/wp-content\/uploads\/2024\/07\/bali-bien-etre-6008428-1.jpeg","datePublished":"2024-06-12T08:11:41+00:00","dateModified":"2024-11-13T07:15:32+00:00","breadcrumb":{"@id":"https:\/\/balibienetre.fr\/#breadcrumb"},"inLanguage":"en-US","potentialAction":[{"@type":"ReadAction","target":["https:\/\/balibienetre.fr\/"]}]},{"@type":"ImageObject","inLanguage":"en-US","@id":"https:\/\/balibienetre.fr\/#primaryimage","url":"https:\/\/balibienetre.fr\/wp-content\/uploads\/2024\/07\/bali-bien-etre-6008428-1.jpeg","contentUrl":"https:\/\/balibienetre.fr\/wp-content\/uploads\/2024\/07\/bali-bien-etre-6008428-1.jpeg","width":2040,"height":1360},{"@type":"BreadcrumbList","@id":"https:\/\/balibienetre.fr\/#breadcrumb","itemListElement":[{"@type":"ListItem","position":1,"name":"Accueil","item":"https:\/\/balibienetre.fr\/"},{"@type":"ListItem","position":2,"name":"Accueil"}]},{"@type":"WebSite","@id":"https:\/\/balibienetre.fr\/#website","url":"https:\/\/balibienetre.fr\/","name":"Bali bien-\u00eatre","description":"Salon de massage Paris 20","publisher":{"@id":"https:\/\/balibienetre.fr\/#organization"},"potentialAction":[{"@type":"SearchAction","target":{"@type":"EntryPoint","urlTemplate":"https:\/\/balibienetre.fr\/?s={search_term_string}"},"query-input":{"@type":"PropertyValueSpecification","valueRequired":true,"valueName":"search_term_string"}}],"inLanguage":"en-US"},{"@type":"Organization","@id":"https:\/\/balibienetre.fr\/#organization","name":"Bali bien-\u00eatre","url":"https:\/\/balibienetre.fr\/","logo":{"@type":"ImageObject","inLanguage":"en-US","@id":"https:\/\/balibienetre.fr\/#\/schema\/logo\/image\/","url":"http:\/\/balibienetre.fr\/wp-content\/uploads\/2024\/07\/Bali-bienetre-logo-rectangulaire-1.png","contentUrl":"http:\/\/balibienetre.fr\/wp-content\/uploads\/2024\/07\/Bali-bienetre-logo-rectangulaire-1.png","width":1090,"height":500,"caption":"Bali bien-\u00eatre"},"image":{"@id":"https:\/\/balibienetre.fr\/#\/schema\/logo\/image\/"},"sameAs":["https:\/\/www.facebook.com\/balibienetre","https:\/\/www.instagram.com\/balibienetre\/","https:\/\/www.tiktok.com\/@balibienetre"]}]}},"_links":{"self":[{"href":"https:\/\/balibienetre.fr\/index.php\/wp-json\/wp\/v2\/pages\/5","targetHints":{"allow":["GET"]}}],"collection":[{"href":"https:\/\/balibienetre.fr\/index.php\/wp-json\/wp\/v2\/pages"}],"about":[{"href":"https:\/\/balibienetre.fr\/index.php\/wp-json\/wp\/v2\/types\/page"}],"author":[{"embeddable":true,"href":"https:\/\/balibienetre.fr\/index.php\/wp-json\/wp\/v2\/users\/1"}],"replies":[{"embeddable":true,"href":"https:\/\/balibienetre.fr\/index.php\/wp-json\/wp\/v2\/comments?post=5"}],"version-history":[{"count":37,"href":"https:\/\/balibienetre.fr\/index.php\/wp-json\/wp\/v2\/pages\/5\/revisions"}],"predecessor-version":[{"id":215,"href":"https:\/\/balibienetre.fr\/index.php\/wp-json\/wp\/v2\/pages\/5\/revisions\/215"}],"wp:attachment":[{"href":"https:\/\/balibienetre.fr\/index.php\/wp-json\/wp\/v2\/media?parent=5"}],"curies":[{"name":"wp","href":"https:\/\/api.w.org\/{rel}","templated":true}]}}